{"id":746,"date":"2015-03-01T10:24:35","date_gmt":"2015-03-01T09:24:35","guid":{"rendered":"http:\/\/servinetdelvalles.es\/web\/en\/servicios-de-venta-de-consumibles\/"},"modified":"2017-11-09T09:02:18","modified_gmt":"2017-11-09T08:02:18","slug":"sale-of-consumables","status":"publish","type":"page","link":"https:\/\/www.servinetdelvalles.es\/en\/sale-of-consumables\/","title":{"rendered":"Sale of consumables"},"content":{"rendered":"<p>[vc_row]\n\t<div class=\"vc_col-sm-12 wpb_column vc_column_container \"  data-wow-delay=\"0ms\">\n\t\t<div class=\"wpb_wrapper\">\n\t\t\t[vc_custom_heading text=&#8221;SALE OF CONSUMABLES&#8221; font_container=&#8221;tag:h1|font_size:25|text_align:left&#8221; google_fonts=&#8221;font_family:Raleway%3A100%2C200%2C300%2Cregular%2C500%2C600%2C700%2C800%2C900|font_style:700%20bold%20regular%3A700%3Anormal&#8221;][vc_separator color=&#8221;#bcbcbc&#8221; border_width=&#8221;3&#8243;]\n\t\t<\/div> <!-- END .wpb_wrapper -->\n\t<\/div> <!-- END  wpb_column vc_column_container  -->\n[\/vc_row][vc_row p_bottom=&#8221;50&#8243; m_bottom=&#8221;0&#8243;]\n\t<div class=\"vc_col-sm-7 wpb_column vc_column_container  vc_custom_1510214525945\"  data-wow-delay=\"0ms\" data-wow-iteration=\"1\" >\n\t\t<div class=\"wpb_wrapper\">\n\t\t\t[vc_column_text c_id=&#8221;.vc_1462903036848&#8243;]<\/p>\n<p style=\"text-align: justify;\"><span id=\"result_box\" class=\"\" lang=\"en\"><span title=\"Nuestra empresa de servicios de limpieza en Barcelona tambi\u00e9n cuenta con un servicio de suministro de consumibles para el WC, como por ejemplo: papel higi\u00e9nico, toallas de papel, jab\u00f3n para las manos, todo tipo de ambientadores, etc. \">Our cleaning services company in Barcelona also has a delivery service of consumables for the toilet, such as: toilet paper, paper towels, hand soap, all kinds of air fresheners, etc.<\/span><\/span><\/p>\n<p><span title=\"Te ense\u00f1amos cu\u00e1les son los consumibles m\u00e1s top en ventas\u2026Si necesitas cualquier otro producto p\u00eddenos informaci\u00f3n y se lo podemos ofrecer sin ning\u00fan problema. \">We teach what supplies are most top sales &#8230; If you need any other product ask us for information and we can offer it without any problems.<\/span>[\/vc_column_text][ivan_icon_box hover_animation_effect=&#8221;disabled&#8221; icon_pos=&#8221;left&#8221; size=&#8221;fa-lg&#8221; title=&#8221;Industrial toilet paper&#8221; title_tag=&#8221;h5&#8243; animation_iteration=&#8221;1&#8243; template=&#8221;primary-bg&#8221; c_id=&#8221;.vc_1462903055302&#8243; icon_css=&#8221;color:#ffffff;background-color:#3892D1;&#8221; title_css=&#8221;font-family:gf-montserrat;font-weight:400;font-size:16px;&#8221; ico=&#8221;check&#8221;]Bundle of 18 industrial units with precut toilet paper. Manufactured in double layers. 100% pure pulp.[\/ivan_icon_box][ivan_icon_box hover_animation_effect=&#8221;disabled&#8221; icon_pos=&#8221;left&#8221; size=&#8221;fa-lg&#8221; title=&#8221;Coil hand dryer wick&#8221; title_tag=&#8221;h5&#8243; animation_iteration=&#8221;1&#8243; template=&#8221;primary-bg&#8221; c_id=&#8221;.vc_1462903079923&#8243; icon_css=&#8221;color:#ffffff;background-color:#3892D1;&#8221; title_css=&#8221;font-family:gf-montserrat;font-weight:400;font-size:16px;&#8221; ico=&#8221;check&#8221;]Pack of 6 units precut paper wick. Manufactured in double layers. 100% pure pulp.[\/ivan_icon_box][ivan_icon_box hover_animation_effect=&#8221;disabled&#8221; icon_pos=&#8221;left&#8221; size=&#8221;fa-lg&#8221; title=&#8221;Air freshener&#8221; title_tag=&#8221;h5&#8243; animation_iteration=&#8221;1&#8243; template=&#8221;primary-bg&#8221; c_id=&#8221;.vc_1462903104836&#8243; icon_css=&#8221;color:#ffffff;background-color:#3892D1;&#8221; title_css=&#8221;font-family:gf-montserrat;font-weight:400;font-size:16px;&#8221; ico=&#8221;check&#8221;]Freshener made from a selection of the best essences. Perfumes the air with a pleasant aroma and its effect lasts for hours. It is mainly used in the home, shops, offices, public places, etc. Giving a feeling of clean and fresh. It uses pure spray so that an optimal micronization in the air occurs.[\/ivan_icon_box][ivan_icon_box hover_animation_effect=&#8221;disabled&#8221; icon_pos=&#8221;left&#8221; size=&#8221;fa-lg&#8221; title=&#8221;Toilet paper household size&#8221; title_tag=&#8221;h5&#8243; animation_iteration=&#8221;1&#8243; template=&#8221;primary-bg&#8221; c_id=&#8221;.vc_1462903128872&#8243; icon_css=&#8221;color:#ffffff;background-color:#3892D1;&#8221; title_css=&#8221;font-family:gf-montserrat;font-weight:400;font-size:16px;&#8221; ico=&#8221;check&#8221;]Bundle 2 coats of 108 units, 40 services per roll and precut.[\/ivan_icon_box][ivan_icon_box hover_animation_effect=&#8221;disabled&#8221; icon_pos=&#8221;left&#8221; size=&#8221;fa-lg&#8221; title=&#8221;Hand wipes zigzag&#8221; title_tag=&#8221;h5&#8243; animation_iteration=&#8221;1&#8243; template=&#8221;primary-bg&#8221; c_id=&#8221;.vc_1462903164226&#8243; icon_css=&#8221;color:#ffffff;background-color:#3892D1;&#8221; title_css=&#8221;font-family:gf-montserrat;font-weight:400;font-size:16px;&#8221; ico=&#8221;check&#8221;]Zigzag hand towels made double layer. Grammage 19.5 g \/ m2. Packing in box of 20 packets. Each package contains 196 towels measures 230 mmx 200 mm[\/ivan_icon_box]\n\t\t<\/div> <!-- END .wpb_wrapper -->\n\t<\/div> <!-- END  wpb_column vc_column_container  -->\n\n\t<div class=\"vc_col-sm-5 wpb_column vc_column_container  vc_custom_1510214533174\"  data-wow-delay=\"0ms\" data-wow-iteration=\"1\" >\n\t\t<div class=\"wpb_wrapper\">\n\t\t\t[vc_gallery interval=&#8221;3&#8243; images=&#8221;526,527,528,529,530,531&#8243; img_size=&#8221;ivan_project_large_wide&#8221;]\n\t\t<\/div> <!-- END .wpb_wrapper -->\n\t<\/div> <!-- END  wpb_column vc_column_container  -->\n[\/vc_row]<\/p>\n","protected":false},"excerpt":{"rendered":"<p>[vc_row][\/vc_row][vc_row p_bottom=&#8221;50&#8243; m_bottom=&#8221;0&#8243;][\/vc_row]<\/p>\n","protected":false},"author":1,"featured_media":0,"parent":0,"menu_order":0,"comment_status":"open","ping_status":"closed","template":"page-templates\/page-left.php","meta":[],"_links":{"self":[{"href":"https:\/\/www.servinetdelvalles.es\/en\/wp-json\/wp\/v2\/pages\/746"}],"collection":[{"href":"https:\/\/www.servinetdelvalles.es\/en\/wp-json\/wp\/v2\/pages"}],"about":[{"href":"https:\/\/www.servinetdelvalles.es\/en\/wp-json\/wp\/v2\/types\/page"}],"author":[{"embeddable":true,"href":"https:\/\/www.servinetdelvalles.es\/en\/wp-json\/wp\/v2\/users\/1"}],"replies":[{"embeddable":true,"href":"https:\/\/www.servinetdelvalles.es\/en\/wp-json\/wp\/v2\/comments?post=746"}],"version-history":[{"count":0,"href":"https:\/\/www.servinetdelvalles.es\/en\/wp-json\/wp\/v2\/pages\/746\/revisions"}],"wp:attachment":[{"href":"https:\/\/www.servinetdelvalles.es\/en\/wp-json\/wp\/v2\/media?parent=746"}],"curies":[{"name":"wp","href":"https:\/\/api.w.org\/{rel}","templated":true}]}}