{"id":727,"date":"2015-03-01T10:07:21","date_gmt":"2015-03-01T09:07:21","guid":{"rendered":"http:\/\/servinetdelvalles.es\/web\/en\/servicios-de-limpieza-de-cristales\/"},"modified":"2017-11-09T09:00:11","modified_gmt":"2017-11-09T08:00:11","slug":"glass-cleaning","status":"publish","type":"page","link":"https:\/\/www.servinetdelvalles.es\/en\/glass-cleaning\/","title":{"rendered":"Glass Cleaning"},"content":{"rendered":"<p>[vc_row]\n\t<div class=\"vc_col-sm-12 wpb_column vc_column_container \"  data-wow-delay=\"0ms\">\n\t\t<div class=\"wpb_wrapper\">\n\t\t\t[vc_custom_heading text=&#8221;GLASS CLEANING&#8221; font_container=&#8221;tag:h1|font_size:25|text_align:left&#8221; google_fonts=&#8221;font_family:Raleway%3A100%2C200%2C300%2Cregular%2C500%2C600%2C700%2C800%2C900|font_style:700%20bold%20regular%3A700%3Anormal&#8221;][vc_separator color=&#8221;#bcbcbc&#8221; border_width=&#8221;3&#8243;]\n\t\t<\/div> <!-- END .wpb_wrapper -->\n\t<\/div> <!-- END  wpb_column vc_column_container  -->\n[\/vc_row][vc_row p_bottom=&#8221;50&#8243; m_bottom=&#8221;0&#8243;]\n\t<div class=\"vc_col-sm-7 wpb_column vc_column_container  vc_custom_1510214359773\"  data-wow-delay=\"0ms\" data-wow-iteration=\"1\" >\n\t\t<div class=\"wpb_wrapper\">\n\t\t\t[vc_column_text c_id=&#8221;.vc_1462809694608&#8243;]<\/p>\n<p style=\"text-align: justify;\"><span id=\"result_box\" class=\"\" lang=\"en\"><span title=\"Servinet es especialista en servicios de limpieza de cristales, tanto en el interior como en el exterior de tu empresa o residencia.\">Servinet specializes in window cleaning services, both inside and outside of your company or residence. <\/span><span title=\"Adem\u00e1s, contamos con una gran log\u00edstica para poder realizar nuestros servicios de limpieza tambi\u00e9n en altura, ya que estas tareas las realizamos gracias a un cami\u00f3n gr\u00faa de hasta 16 metros de altura de nuestra propiedad. \">We also have a large logistics to carry our cleaning services also in height, since these tasks are conducted by a tow truck up to 16 meters high our property.<\/span><\/span><\/p>\n<p><span title=\"El valor de un edificio y sus oficinas est\u00e1 relacionado con su buen aspecto.\">The value of a building and its offices is related to its good looks. <\/span><span title=\"Muchos edificios con cristales en altura tienen importantes superficies de pared. \">Many buildings have significant height glass wall surfaces.<br \/>\n<\/span><span title=\"Si necesita limpiar o restaurar fachadas en altura, cons\u00faltenos, disponemos del equipamiento y los operarios especializados. \">If you need to clean or restore facade height, please contact us, we have the equipment and skilled operators.<\/span><\/p>\n<p><span title=\"Este trabajo tan especializado lo realizamos con operarios que disponen de un alto nivel de adiestramiento y experiencia.\">This work is performed also with highly specialized workers who have a high level of training and experience. <\/span><span title=\"Con equipos y productos de \u00faltima tecnolog\u00eda.\">Equipment and latest technology products. <\/span><span title=\"Todo nuestro personal est\u00e1 asegurado y el trabajo que realizaremos para usted, est\u00e1 amparado por una p\u00f3liza de responsabilidad civil. \">All our staff are insured and we will work for you, it is covered by a liability policy.<\/span><\/p>\n<h3 style=\"text-align: justify;\"><span id=\"result_box\" class=\"\" lang=\"en\"><span title=\"Realizamos el servicio de limpieza de cristales altos de diferentes maneras: \">We carry out the cleaning of tall glasses of different ways:<\/span><\/span><\/h3>\n<p>[\/vc_column_text][ivan_icon_box hover_animation_effect=&#8221;disabled&#8221; icon_pos=&#8221;left&#8221; size=&#8221;fa-lg&#8221; title_tag=&#8221;h5&#8243; animation_iteration=&#8221;1&#8243; template=&#8221;primary-bg&#8221; c_id=&#8221;.vc_1462809723982&#8243; icon_css=&#8221;color:#ffffff;background-color:#3892D1;&#8221; title_css=&#8221;font-family:gf-montserrat;font-weight:400;font-size:16px;&#8221; ico=&#8221;check&#8221;]By dampening and lip with folding telescopic boom.[\/ivan_icon_box][ivan_icon_box hover_animation_effect=&#8221;disabled&#8221; icon_pos=&#8221;left&#8221; size=&#8221;fa-lg&#8221; title_tag=&#8221;h5&#8243; animation_iteration=&#8221;1&#8243; template=&#8221;primary-bg&#8221; c_id=&#8221;.vc_1462809736713&#8243; icon_css=&#8221;color:#ffffff;background-color:#3892D1;&#8221; title_css=&#8221;font-family:gf-montserrat;font-weight:400;font-size:16px;&#8221; ico=&#8221;check&#8221;]Equipped with safety harness anchored to fixed points and \/ or clamping rings.[\/ivan_icon_box][ivan_icon_box hover_animation_effect=&#8221;disabled&#8221; icon_pos=&#8221;left&#8221; size=&#8221;fa-lg&#8221; title_tag=&#8221;h5&#8243; animation_iteration=&#8221;1&#8243; template=&#8221;primary-bg&#8221; c_id=&#8221;.vc_1462809750665&#8243; icon_css=&#8221;color:#ffffff;background-color:#3892D1;&#8221; title_css=&#8221;font-family:gf-montserrat;font-weight:400;font-size:16px;&#8221; ico=&#8221;check&#8221;]Truck by crane (itself).[\/ivan_icon_box][ivan_icon_box hover_animation_effect=&#8221;disabled&#8221; icon_pos=&#8221;left&#8221; size=&#8221;fa-lg&#8221; title_tag=&#8221;h5&#8243; animation_iteration=&#8221;1&#8243; template=&#8221;primary-bg&#8221; c_id=&#8221;.vc_1462809766220&#8243; icon_css=&#8221;color:#ffffff;background-color:#3892D1;&#8221; title_css=&#8221;font-family:gf-montserrat;font-weight:400;font-size:16px;&#8221; ico=&#8221;check&#8221;]With specific lifting means as self-propelled articulated arms, mechanical scissors, elevators small size and short entity for walls, interior curtains, as needed.[\/ivan_icon_box][ivan_icon_box hover_animation_effect=&#8221;disabled&#8221; icon_pos=&#8221;left&#8221; size=&#8221;fa-lg&#8221; title_tag=&#8221;h5&#8243; animation_iteration=&#8221;1&#8243; template=&#8221;primary-bg&#8221; c_id=&#8221;.vc_1462809778824&#8243; icon_css=&#8221;color:#ffffff;background-color:#3892D1;&#8221; title_css=&#8221;font-family:gf-montserrat;font-weight:400;font-size:16px;&#8221; ico=&#8221;check&#8221;]Cleaning by personal professional climber (ropes, anchors and harnesses included in the service).[\/ivan_icon_box][ivan_icon_box hover_animation_effect=&#8221;disabled&#8221; icon_pos=&#8221;left&#8221; size=&#8221;fa-lg&#8221; title_tag=&#8221;h5&#8243; animation_iteration=&#8221;1&#8243; template=&#8221;primary-bg&#8221; c_id=&#8221;.vc_1462809796989&#8243; icon_css=&#8221;color:#ffffff;background-color:#3892D1;&#8221; title_css=&#8221;font-family:gf-montserrat;font-weight:400;font-size:16px;&#8221; ico=&#8221;check&#8221;]Window Cleaning with demineralised water and telescopic poles.[\/ivan_icon_box]\n\t\t<\/div> <!-- END .wpb_wrapper -->\n\t<\/div> <!-- END  wpb_column vc_column_container  -->\n\n\t<div class=\"vc_col-sm-5 wpb_column vc_column_container  vc_custom_1510214366525\"  data-wow-delay=\"0ms\" data-wow-iteration=\"1\" >\n\t\t<div class=\"wpb_wrapper\">\n\t\t\t[vc_gallery interval=&#8221;3&#8243; images=&#8221;494,493,477,476,475,474&#8243; img_size=&#8221;ivan_project_large_wide&#8221;]\n\t\t<\/div> <!-- END .wpb_wrapper -->\n\t<\/div> <!-- END  wpb_column vc_column_container  -->\n[\/vc_row]<\/p>\n","protected":false},"excerpt":{"rendered":"<p>[vc_row][\/vc_row][vc_row p_bottom=&#8221;50&#8243; m_bottom=&#8221;0&#8243;][\/vc_row]<\/p>\n","protected":false},"author":1,"featured_media":0,"parent":0,"menu_order":0,"comment_status":"open","ping_status":"closed","template":"page-templates\/page-left.php","meta":[],"_links":{"self":[{"href":"https:\/\/www.servinetdelvalles.es\/en\/wp-json\/wp\/v2\/pages\/727"}],"collection":[{"href":"https:\/\/www.servinetdelvalles.es\/en\/wp-json\/wp\/v2\/pages"}],"about":[{"href":"https:\/\/www.servinetdelvalles.es\/en\/wp-json\/wp\/v2\/types\/page"}],"author":[{"embeddable":true,"href":"https:\/\/www.servinetdelvalles.es\/en\/wp-json\/wp\/v2\/users\/1"}],"replies":[{"embeddable":true,"href":"https:\/\/www.servinetdelvalles.es\/en\/wp-json\/wp\/v2\/comments?post=727"}],"version-history":[{"count":0,"href":"https:\/\/www.servinetdelvalles.es\/en\/wp-json\/wp\/v2\/pages\/727\/revisions"}],"wp:attachment":[{"href":"https:\/\/www.servinetdelvalles.es\/en\/wp-json\/wp\/v2\/media?parent=727"}],"curies":[{"name":"wp","href":"https:\/\/api.w.org\/{rel}","templated":true}]}}