{"id":747,"date":"2015-03-01T10:24:35","date_gmt":"2015-03-01T09:24:35","guid":{"rendered":"http:\/\/servinetdelvalles.es\/web\/ca\/servicios-de-venta-de-consumibles\/"},"modified":"2017-11-09T09:09:39","modified_gmt":"2017-11-09T08:09:39","slug":"venda-de-consumibles","status":"publish","type":"page","link":"https:\/\/www.servinetdelvalles.es\/ca\/venda-de-consumibles\/","title":{"rendered":"Venda de Consumibles"},"content":{"rendered":"<p>[vc_row]\n\t<div class=\"vc_col-sm-12 wpb_column vc_column_container \"  data-wow-delay=\"0ms\">\n\t\t<div class=\"wpb_wrapper\">\n\t\t\t[vc_custom_heading text=&#8221;VENDA DE CONSUMIBLES&#8221; font_container=&#8221;tag:h1|font_size:25|text_align:left&#8221; google_fonts=&#8221;font_family:Raleway%3A100%2C200%2C300%2Cregular%2C500%2C600%2C700%2C800%2C900|font_style:700%20bold%20regular%3A700%3Anormal&#8221;][vc_separator color=&#8221;#bcbcbc&#8221; border_width=&#8221;3&#8243;]\n\t\t<\/div> <!-- END .wpb_wrapper -->\n\t<\/div> <!-- END  wpb_column vc_column_container  -->\n[\/vc_row][vc_row p_bottom=&#8221;50&#8243; m_bottom=&#8221;0&#8243;]\n\t<div class=\"vc_col-sm-7 wpb_column vc_column_container  vc_custom_1510214961696\"  data-wow-delay=\"0ms\" data-wow-iteration=\"1\" >\n\t\t<div class=\"wpb_wrapper\">\n\t\t\t[vc_column_text c_id=&#8221;.vc_1462954255546&#8243;]<\/p>\n<p style=\"text-align: justify;\"><span id=\"result_box\" class=\"\" lang=\"ca\"><span title=\"Nuestra empresa de servicios de limpieza en Barcelona tambi\u00e9n cuenta con un servicio de suministro de consumibles para el WC, como por ejemplo: papel higi\u00e9nico, toallas de papel, jab\u00f3n para las manos, todo tipo de ambientadores, etc. \">La nostra empresa de serveis de neteja a Barcelona tamb\u00e9 compta amb un servei de subministrament de consumibles per al WC, com ara: paper higi\u00e8nic, tovalloles de paper, sab\u00f3 per a les mans, tota mena d&#8217;ambientadors, etc.<\/span><\/span><\/p>\n<p><span title=\"Te ense\u00f1amos cu\u00e1les son los consumibles m\u00e1s top en ventas\u2026Si necesitas cualquier otro producto p\u00eddenos informaci\u00f3n y se lo podemos ofrecer sin ning\u00fan problema. \">T&#8217;ensenyem quins s\u00f3n els consumibles m\u00e9s top en vendes &#8230; Si necessites qualsevol altre producte demana informaci\u00f3 i l&#8217;hi podem oferir sense cap problema.<\/span>[\/vc_column_text][ivan_icon_box hover_animation_effect=&#8221;disabled&#8221; icon_pos=&#8221;left&#8221; size=&#8221;fa-lg&#8221; title=&#8221;Paper higi\u00e8nic industrial&#8221; title_tag=&#8221;h5&#8243; animation_iteration=&#8221;1&#8243; template=&#8221;primary-bg&#8221; c_id=&#8221;.vc_1462954335974&#8243; icon_css=&#8221;color:#ffffff;background-color:#3892D1;&#8221; title_css=&#8221;font-family:gf-montserrat;font-weight:400;font-size:16px;&#8221; ico=&#8221;check&#8221;]Fardell de 18 unitats de paper higi\u00e8nic industrial amb pretall. Fabricat en doble capa. Pasta pura 100%.[\/ivan_icon_box][ivan_icon_box hover_animation_effect=&#8221;disabled&#8221; icon_pos=&#8221;left&#8221; size=&#8221;fa-lg&#8221; title=&#8221;Bobina secamans metxa&#8221; title_tag=&#8221;h5&#8243; animation_iteration=&#8221;1&#8243; template=&#8221;primary-bg&#8221; c_id=&#8221;.vc_1462954440941&#8243; icon_css=&#8221;color:#ffffff;background-color:#3892D1;&#8221; title_css=&#8221;font-family:gf-montserrat;font-weight:400;font-size:16px;&#8221; ico=&#8221;check&#8221;]Fardell de 6 unitats de paper metxa amb pretall. Fabricat en doble capa. Pasta pura 100%.[\/ivan_icon_box][ivan_icon_box hover_animation_effect=&#8221;disabled&#8221; icon_pos=&#8221;left&#8221; size=&#8221;fa-lg&#8221; title=&#8221;Ambientador&#8221; title_tag=&#8221;h5&#8243; animation_iteration=&#8221;1&#8243; template=&#8221;primary-bg&#8221; c_id=&#8221;.vc_1462954516553&#8243; icon_css=&#8221;color:#ffffff;background-color:#3892D1;&#8221; title_css=&#8221;font-family:gf-montserrat;font-weight:400;font-size:16px;&#8221; ico=&#8221;check&#8221;]Ambientador elaborat amb una selecci\u00f3 de les millors ess\u00e8ncies. Perfuma l&#8217;ambient amb una agradable aroma i el seu efecte es perllonga durant hores. S&#8217;utilitza principalment a la llar, botigues, oficines, locals p\u00fablics, etc. Donant una sensaci\u00f3 d&#8217;ambient net i fresc. S&#8217;utilitza pur per polvoritzaci\u00f3 de manera que es produeixi una \u00f2ptima micronitzaci\u00f3 en l&#8217;aire.[\/ivan_icon_box][ivan_icon_box hover_animation_effect=&#8221;disabled&#8221; icon_pos=&#8221;left&#8221; size=&#8221;fa-lg&#8221; title=&#8221;Paper higi\u00e8nic mida dom\u00e8stic&#8221; title_tag=&#8221;h5&#8243; animation_iteration=&#8221;1&#8243; template=&#8221;primary-bg&#8221; c_id=&#8221;.vc_1462954545810&#8243; icon_css=&#8221;color:#ffffff;background-color:#3892D1;&#8221; title_css=&#8221;font-family:gf-montserrat;font-weight:400;font-size:16px;&#8221; ico=&#8221;check&#8221;]Fardell de 108 unitats 2 capes, 40 serveis per rotllo i pretall.[\/ivan_icon_box][ivan_icon_box hover_animation_effect=&#8221;disabled&#8221; icon_pos=&#8221;left&#8221; size=&#8221;fa-lg&#8221; title=&#8221;Tovalloletes m\u00e0 ziga-zaga&#8221; title_tag=&#8221;h5&#8243; animation_iteration=&#8221;1&#8243; template=&#8221;primary-bg&#8221; c_id=&#8221;.vc_1462954566818&#8243; icon_css=&#8221;color:#ffffff;background-color:#3892D1;&#8221; title_css=&#8221;font-family:gf-montserrat;font-weight:400;font-size:16px;&#8221; ico=&#8221;check&#8221;]Tovalloles m\u00e0 en ziga-zaga fabricat en doble capa. Gramatge 19,5 gr \/ m2. Embalatge en caixa de 20 paquets. Cada paquet cont\u00e9 196 tovalloles de mesures 230 mmx 200mm[\/ivan_icon_box]\n\t\t<\/div> <!-- END .wpb_wrapper -->\n\t<\/div> <!-- END  wpb_column vc_column_container  -->\n\n\t<div class=\"vc_col-sm-5 wpb_column vc_column_container  vc_custom_1510214972794\"  data-wow-delay=\"0ms\" data-wow-iteration=\"1\" >\n\t\t<div class=\"wpb_wrapper\">\n\t\t\t[vc_gallery interval=&#8221;3&#8243; images=&#8221;526,527,528,529,530,531&#8243; img_size=&#8221;ivan_project_large_wide&#8221;]\n\t\t<\/div> <!-- END .wpb_wrapper -->\n\t<\/div> <!-- END  wpb_column vc_column_container  -->\n[\/vc_row]<\/p>\n","protected":false},"excerpt":{"rendered":"<p>[vc_row][\/vc_row][vc_row p_bottom=&#8221;50&#8243; m_bottom=&#8221;0&#8243;][\/vc_row]<\/p>\n","protected":false},"author":1,"featured_media":0,"parent":0,"menu_order":0,"comment_status":"open","ping_status":"closed","template":"page-templates\/page-left.php","meta":[],"_links":{"self":[{"href":"https:\/\/www.servinetdelvalles.es\/ca\/wp-json\/wp\/v2\/pages\/747"}],"collection":[{"href":"https:\/\/www.servinetdelvalles.es\/ca\/wp-json\/wp\/v2\/pages"}],"about":[{"href":"https:\/\/www.servinetdelvalles.es\/ca\/wp-json\/wp\/v2\/types\/page"}],"author":[{"embeddable":true,"href":"https:\/\/www.servinetdelvalles.es\/ca\/wp-json\/wp\/v2\/users\/1"}],"replies":[{"embeddable":true,"href":"https:\/\/www.servinetdelvalles.es\/ca\/wp-json\/wp\/v2\/comments?post=747"}],"version-history":[{"count":0,"href":"https:\/\/www.servinetdelvalles.es\/ca\/wp-json\/wp\/v2\/pages\/747\/revisions"}],"wp:attachment":[{"href":"https:\/\/www.servinetdelvalles.es\/ca\/wp-json\/wp\/v2\/media?parent=747"}],"curies":[{"name":"wp","href":"https:\/\/api.w.org\/{rel}","templated":true}]}}