{"id":745,"date":"2015-03-01T10:07:21","date_gmt":"2015-03-01T09:07:21","guid":{"rendered":"http:\/\/servinetdelvalles.es\/web\/ca\/servicios-de-limpieza-de-cristales\/"},"modified":"2017-11-09T09:08:19","modified_gmt":"2017-11-09T08:08:19","slug":"neteja-de-vidres","status":"publish","type":"page","link":"https:\/\/www.servinetdelvalles.es\/ca\/neteja-de-vidres\/","title":{"rendered":"Neteja de Vidres"},"content":{"rendered":"<p>[vc_row]\n\t<div class=\"vc_col-sm-12 wpb_column vc_column_container \"  data-wow-delay=\"0ms\">\n\t\t<div class=\"wpb_wrapper\">\n\t\t\t[vc_custom_heading text=&#8221;NETEJA DE VIDRES&#8221; font_container=&#8221;tag:h1|font_size:25|text_align:left&#8221; google_fonts=&#8221;font_family:Raleway%3A100%2C200%2C300%2Cregular%2C500%2C600%2C700%2C800%2C900|font_style:700%20bold%20regular%3A700%3Anormal&#8221;][vc_separator color=&#8221;#bcbcbc&#8221; border_width=&#8221;3&#8243;]\n\t\t<\/div> <!-- END .wpb_wrapper -->\n\t<\/div> <!-- END  wpb_column vc_column_container  -->\n[\/vc_row][vc_row p_bottom=&#8221;50&#8243; m_bottom=&#8221;0&#8243;]\n\t<div class=\"vc_col-sm-7 wpb_column vc_column_container  vc_custom_1510214892073\"  data-wow-delay=\"0ms\" data-wow-iteration=\"1\" >\n\t\t<div class=\"wpb_wrapper\">\n\t\t\t[vc_column_text c_id=&#8221;.vc_1462953047268&#8243;]<\/p>\n<p style=\"text-align: justify;\"><span id=\"result_box\" class=\"\" lang=\"ca\"><span title=\"Servinet es especialista en servicios de limpieza de cristales, tanto en el interior como en el exterior de tu empresa o residencia.\">Servinet \u00e9s especialista en serveis de neteja de vidres, tant a l&#8217;interior com a l&#8217;exterior de la teva empresa o resid\u00e8ncia. <\/span><span title=\"Adem\u00e1s, contamos con una gran log\u00edstica para poder realizar nuestros servicios de limpieza tambi\u00e9n en altura, ya que estas tareas las realizamos gracias a un cami\u00f3n gr\u00faa de hasta 16 metros de altura de nuestra propiedad. \">A m\u00e9s, comptem amb una gran log\u00edstica per poder realitzar els nostres serveis de neteja tamb\u00e9 en al\u00e7ada, ja que aquestes tasques les realitzem gr\u00e0cies a un cami\u00f3 grua de fins a 16 metres d&#8217;altura de la nostra propietat.<\/span><\/span><\/p>\n<p><span title=\"El valor de un edificio y sus oficinas est\u00e1 relacionado con su buen aspecto.\">El valor d&#8217;un edifici i les seves oficines est\u00e0 relacionat amb el seu bon aspecte. <\/span><span title=\"Muchos edificios con cristales en altura tienen importantes superficies de pared. \">Molts edificis amb vidres en al\u00e7ada tenen importants superf\u00edcies de paret.<br \/>\n<\/span><span title=\"Si necesita limpiar o restaurar fachadas en altura, cons\u00faltenos, disponemos del equipamiento y los operarios especializados. \">Si necessita netejar o restaurar fa\u00e7anes en al\u00e7ada, consulteu-nos, disposem de l&#8217;equipament i els operaris especialitzats.<\/span><\/p>\n<p><span title=\"Este trabajo tan especializado lo realizamos con operarios que disponen de un alto nivel de adiestramiento y experiencia.\">Aquest treball tan especialitzat el realitzem amb operaris que disposen d&#8217;un alt nivell d&#8217;ensinistrament i experi\u00e8ncia. <\/span><span title=\"Con equipos y productos de \u00faltima tecnolog\u00eda.\">Amb equips i productes d&#8217;\u00faltima tecnologia. <\/span><span title=\"Todo nuestro personal est\u00e1 asegurado y el trabajo que realizaremos para usted, est\u00e1 amparado por una p\u00f3liza de responsabilidad civil. \">Tot el nostre personal est\u00e0 assegurat i el treball que realitzarem per a vost\u00e8, est\u00e0 emparat per una p\u00f2lissa de responsabilitat civil.<\/span><\/p>\n<h3 style=\"text-align: justify;\"><span id=\"result_box\" class=\"\" lang=\"ca\"><span title=\"Realizamos el servicio de limpieza de cristales altos de diferentes maneras: \">Realitzem el servei de neteja de vidres alts de diferents maneres:<\/span><\/span><\/h3>\n<p>[\/vc_column_text][ivan_icon_box hover_animation_effect=&#8221;disabled&#8221; icon_pos=&#8221;left&#8221; size=&#8221;fa-lg&#8221; title_tag=&#8221;h5&#8243; animation_iteration=&#8221;1&#8243; template=&#8221;primary-bg&#8221; c_id=&#8221;.vc_1462953071418&#8243; icon_css=&#8221;color:#ffffff;background-color:#3892D1;&#8221; title_css=&#8221;font-family:gf-montserrat;font-weight:400;font-size:16px;&#8221; ico=&#8221;check&#8221;]Mitjan\u00e7ant mullador i llavi amb bra\u00e7 telesc\u00f2pic desplegable.[\/ivan_icon_box][ivan_icon_box hover_animation_effect=&#8221;disabled&#8221; icon_pos=&#8221;left&#8221; size=&#8221;fa-lg&#8221; title_tag=&#8221;h5&#8243; animation_iteration=&#8221;1&#8243; template=&#8221;primary-bg&#8221; c_id=&#8221;.vc_1462953087721&#8243; icon_css=&#8221;color:#ffffff;background-color:#3892D1;&#8221; title_css=&#8221;font-family:gf-montserrat;font-weight:400;font-size:16px;&#8221; ico=&#8221;check&#8221;]Dotats d&#8217;arn\u00e8s de seguretat ancorats a punts ferms i \/ o argolles de subjecci\u00f3.[\/ivan_icon_box][ivan_icon_box hover_animation_effect=&#8221;disabled&#8221; icon_pos=&#8221;left&#8221; size=&#8221;fa-lg&#8221; title_tag=&#8221;h5&#8243; animation_iteration=&#8221;1&#8243; template=&#8221;primary-bg&#8221; c_id=&#8221;.vc_1462953099287&#8243; icon_css=&#8221;color:#ffffff;background-color:#3892D1;&#8221; title_css=&#8221;font-family:gf-montserrat;font-weight:400;font-size:16px;&#8221; ico=&#8221;check&#8221;]Mitjan\u00e7ant cami\u00f3 grua (propi).[\/ivan_icon_box][ivan_icon_box hover_animation_effect=&#8221;disabled&#8221; icon_pos=&#8221;left&#8221; size=&#8221;fa-lg&#8221; title_tag=&#8221;h5&#8243; animation_iteration=&#8221;1&#8243; template=&#8221;primary-bg&#8221; c_id=&#8221;.vc_1462953114968&#8243; icon_css=&#8221;color:#ffffff;background-color:#3892D1;&#8221; title_css=&#8221;font-family:gf-montserrat;font-weight:400;font-size:16px;&#8221; ico=&#8221;check&#8221;]Amb mitjans elevadors espec\u00edfics com bra\u00e7os articulats autopropulsats, tisores mec\u00e0niques, elevadors de petites dimensions i de poc pes per murs, cortines interiors, segons necessitats.[\/ivan_icon_box][ivan_icon_box hover_animation_effect=&#8221;disabled&#8221; icon_pos=&#8221;left&#8221; size=&#8221;fa-lg&#8221; title_tag=&#8221;h5&#8243; animation_iteration=&#8221;1&#8243; template=&#8221;primary-bg&#8221; c_id=&#8221;.vc_1462953131383&#8243; icon_css=&#8221;color:#ffffff;background-color:#3892D1;&#8221; title_css=&#8221;font-family:gf-montserrat;font-weight:400;font-size:16px;&#8221; ico=&#8221;check&#8221;]Neteja mitjan\u00e7ant personal escalador professional (cordes, punts d&#8217;ancoratge i arnesos inclosos en el servei).[\/ivan_icon_box][ivan_icon_box hover_animation_effect=&#8221;disabled&#8221; icon_pos=&#8221;left&#8221; size=&#8221;fa-lg&#8221; title_tag=&#8221;h5&#8243; animation_iteration=&#8221;1&#8243; template=&#8221;primary-bg&#8221; c_id=&#8221;.vc_1462953143258&#8243; icon_css=&#8221;color:#ffffff;background-color:#3892D1;&#8221; title_css=&#8221;font-family:gf-montserrat;font-weight:400;font-size:16px;&#8221; ico=&#8221;check&#8221;]Neteja de vidres mitjan\u00e7ant perxes telesc\u00f2piques i aigua desmineralitzada.[\/ivan_icon_box]\n\t\t<\/div> <!-- END .wpb_wrapper -->\n\t<\/div> <!-- END  wpb_column vc_column_container  -->\n\n\t<div class=\"vc_col-sm-5 wpb_column vc_column_container  vc_custom_1510214897270\"  data-wow-delay=\"0ms\" data-wow-iteration=\"1\" >\n\t\t<div class=\"wpb_wrapper\">\n\t\t\t[vc_gallery interval=&#8221;3&#8243; images=&#8221;494,493,477,476,475,474&#8243; img_size=&#8221;ivan_project_large_wide&#8221;]\n\t\t<\/div> <!-- END .wpb_wrapper -->\n\t<\/div> <!-- END  wpb_column vc_column_container  -->\n[\/vc_row]<\/p>\n","protected":false},"excerpt":{"rendered":"<p>[vc_row][\/vc_row][vc_row p_bottom=&#8221;50&#8243; m_bottom=&#8221;0&#8243;][\/vc_row]<\/p>\n","protected":false},"author":1,"featured_media":0,"parent":0,"menu_order":0,"comment_status":"open","ping_status":"closed","template":"page-templates\/page-left.php","meta":[],"_links":{"self":[{"href":"https:\/\/www.servinetdelvalles.es\/ca\/wp-json\/wp\/v2\/pages\/745"}],"collection":[{"href":"https:\/\/www.servinetdelvalles.es\/ca\/wp-json\/wp\/v2\/pages"}],"about":[{"href":"https:\/\/www.servinetdelvalles.es\/ca\/wp-json\/wp\/v2\/types\/page"}],"author":[{"embeddable":true,"href":"https:\/\/www.servinetdelvalles.es\/ca\/wp-json\/wp\/v2\/users\/1"}],"replies":[{"embeddable":true,"href":"https:\/\/www.servinetdelvalles.es\/ca\/wp-json\/wp\/v2\/comments?post=745"}],"version-history":[{"count":0,"href":"https:\/\/www.servinetdelvalles.es\/ca\/wp-json\/wp\/v2\/pages\/745\/revisions"}],"wp:attachment":[{"href":"https:\/\/www.servinetdelvalles.es\/ca\/wp-json\/wp\/v2\/media?parent=745"}],"curies":[{"name":"wp","href":"https:\/\/api.w.org\/{rel}","templated":true}]}}