{"id":744,"date":"2015-03-01T10:23:17","date_gmt":"2015-03-01T09:23:17","guid":{"rendered":"http:\/\/servinetdelvalles.es\/web\/ca\/servicios-de-limpieza-y-mantenimiento\/"},"modified":"2017-11-09T09:09:16","modified_gmt":"2017-11-09T08:09:16","slug":"serveis-de-manteniment","status":"publish","type":"page","link":"https:\/\/www.servinetdelvalles.es\/ca\/serveis-de-manteniment\/","title":{"rendered":"Serveis de Manteniment"},"content":{"rendered":"<p>[vc_row]\n\t<div class=\"vc_col-sm-12 wpb_column vc_column_container \"  data-wow-delay=\"0ms\">\n\t\t<div class=\"wpb_wrapper\">\n\t\t\t[vc_custom_heading text=&#8221;NETEJA I MANTENIMENT&#8221; font_container=&#8221;tag:h1|font_size:25|text_align:left&#8221; google_fonts=&#8221;font_family:Raleway%3A100%2C200%2C300%2Cregular%2C500%2C600%2C700%2C800%2C900|font_style:700%20bold%20regular%3A700%3Anormal&#8221;][vc_separator color=&#8221;#bcbcbc&#8221; border_width=&#8221;3&#8243;]\n\t\t<\/div> <!-- END .wpb_wrapper -->\n\t<\/div> <!-- END  wpb_column vc_column_container  -->\n[\/vc_row][vc_row p_bottom=&#8221;50&#8243; m_bottom=&#8221;0&#8243;]\n\t<div class=\"vc_col-sm-7 wpb_column vc_column_container  vc_custom_1510214937925\"  data-wow-delay=\"0ms\" data-wow-iteration=\"1\" >\n\t\t<div class=\"wpb_wrapper\">\n\t\t\t[vc_column_text c_id=&#8221;.vc_1463051897937&#8243;]<\/p>\n<p style=\"text-align: justify;\"><span id=\"result_box\" class=\"\" lang=\"ca\">SERVINET DEL VALL\u00c8S, S.L. es va fundar en 1.992, amb l&#8217;objectiu de cobrir un buit en el mercat dels serveis, creant una organitzaci\u00f3 capa\u00e7 de rendibilitzar les necessitats de manteniment d&#8217;Ind\u00fastries, Grans Edificis, Oficines, Hospitals; Centres esportius, comunitats, centres educatius, P\u00e0rquings, etc., de manera integral aconseguint millors rendiments i un menor cost.<\/span><\/p>\n<p>Tot aix\u00f2 amb l&#8217;empremta de la nostra filosofia <span class=\"\">empresarial, que<\/span> comporta el m\u00e0xim respecte a la natura. Pel que incorporem, en tots els nostres <span class=\"\">processos<\/span> de neteja, desinfecci\u00f3, etc., productes ecol\u00f2gics o de baix poder <span class=\"\">contaminant.<\/span><\/p>\n<p>[\/vc_column_text]\n\t\t<\/div> <!-- END .wpb_wrapper -->\n\t<\/div> <!-- END  wpb_column vc_column_container  -->\n\n\t<div class=\"vc_col-sm-5 wpb_column vc_column_container  vc_custom_1510214950609\"  data-wow-delay=\"0ms\" data-wow-iteration=\"1\" >\n\t\t<div class=\"wpb_wrapper\">\n\t\t\t[vc_gallery interval=&#8221;3&#8243; images=&#8221;514,515,516,517,518,519,520,521,522&#8243; img_size=&#8221;ivan_project_large_wide&#8221;]\n\t\t<\/div> <!-- END .wpb_wrapper -->\n\t<\/div> <!-- END  wpb_column vc_column_container  -->\n[\/vc_row]<\/p>\n","protected":false},"excerpt":{"rendered":"<p>[vc_row][\/vc_row][vc_row p_bottom=&#8221;50&#8243; m_bottom=&#8221;0&#8243;][\/vc_row]<\/p>\n","protected":false},"author":1,"featured_media":0,"parent":0,"menu_order":0,"comment_status":"open","ping_status":"closed","template":"page-templates\/page-left.php","meta":[],"_links":{"self":[{"href":"https:\/\/www.servinetdelvalles.es\/ca\/wp-json\/wp\/v2\/pages\/744"}],"collection":[{"href":"https:\/\/www.servinetdelvalles.es\/ca\/wp-json\/wp\/v2\/pages"}],"about":[{"href":"https:\/\/www.servinetdelvalles.es\/ca\/wp-json\/wp\/v2\/types\/page"}],"author":[{"embeddable":true,"href":"https:\/\/www.servinetdelvalles.es\/ca\/wp-json\/wp\/v2\/users\/1"}],"replies":[{"embeddable":true,"href":"https:\/\/www.servinetdelvalles.es\/ca\/wp-json\/wp\/v2\/comments?post=744"}],"version-history":[{"count":0,"href":"https:\/\/www.servinetdelvalles.es\/ca\/wp-json\/wp\/v2\/pages\/744\/revisions"}],"wp:attachment":[{"href":"https:\/\/www.servinetdelvalles.es\/ca\/wp-json\/wp\/v2\/media?parent=744"}],"curies":[{"name":"wp","href":"https:\/\/api.w.org\/{rel}","templated":true}]}}