{"id":741,"date":"2015-01-29T07:48:31","date_gmt":"2015-01-29T06:48:31","guid":{"rendered":"http:\/\/servinetdelvalles.es\/web\/ca\/quienes-somos\/"},"modified":"2017-11-09T09:05:15","modified_gmt":"2017-11-09T08:05:15","slug":"empresa","status":"publish","type":"page","link":"https:\/\/www.servinetdelvalles.es\/ca\/empresa\/","title":{"rendered":"Empresa"},"content":{"rendered":"<p>[vc_row]\n\t<div class=\"vc_col-sm-12 wpb_column vc_column_container \"  data-wow-delay=\"0ms\">\n\t\t<div class=\"wpb_wrapper\">\n\t\t\t[vc_custom_heading text=&#8221;SERVINET DEL VALL\u00c8S, SERVEI DE NETEJA A BARCELONA&#8221; font_container=&#8221;tag:h1|font_size:25|text_align:left&#8221; google_fonts=&#8221;font_family:Raleway%3A100%2C200%2C300%2Cregular%2C500%2C600%2C700%2C800%2C900|font_style:700%20bold%20regular%3A700%3Anormal&#8221;][vc_separator color=&#8221;#bcbcbc&#8221; border_width=&#8221;3&#8243;]\n\t\t<\/div> <!-- END .wpb_wrapper -->\n\t<\/div> <!-- END  wpb_column vc_column_container  -->\n[\/vc_row][vc_row width=&#8221;full&#8221; p_top=&#8221;20&#8243; m_bottom=&#8221;75&#8243; row_width_style=&#8221;theme_default&#8221; row_parallax_style=&#8221;parallax-none&#8221; row_parallax_ratio=&#8221;0.5&#8243; row_bg_repeat=&#8221;no-repeat&#8221; row_bg_position=&#8221;center center&#8221; row_bg_size=&#8221;cover&#8221; row_bg_att=&#8221;scroll&#8221; row_full_height=&#8221;no&#8221; css=&#8221;.vc_custom_1510214703667{padding-right: 15px !important;padding-left: 15px !important;}&#8221;]\n\t<div class=\"vc_col-sm-6 wpb_column vc_column_container \"  data-wow-delay=\"0ms\" data-wow-iteration=\"1\" >\n\t\t<div class=\"wpb_wrapper\">\n\t\t\t[ivan_icon_box hover_animation_effect=&#8221;disabled&#8221; icon_pos=&#8221;left&#8221; size=&#8221;fa-lg&#8221; title=&#8221;Gran Experi\u00e8ncia&#8221; title_tag=&#8221;h5&#8243; animation_iteration=&#8221;1&#8243; template=&#8221;primary-bg&#8221; c_id=&#8221;.vc_1462951156817&#8243; icon_css=&#8221;color:#ffffff;background-color:#3892D1;&#8221; title_css=&#8221;font-family:gf-montserrat;font-weight:400;font-size:16px;&#8221; ico=&#8221;check&#8221;]Servinet del Vall\u00e8s SL, \u00e9s una empresa de serveis integrals que compte amb un gran equip de professionals aix\u00ed com una llarga experi\u00e8ncia acumulada en la gesti\u00f3 de la neteja d\u2019edificis i locals.[\/ivan_icon_box][ivan_icon_box hover_animation_effect=&#8221;disabled&#8221; icon_pos=&#8221;left&#8221; size=&#8221;fa-lg&#8221; title=&#8221;Resposta Immediata&#8221; title_tag=&#8221;h5&#8243; animation_iteration=&#8221;1&#8243; template=&#8221;primary-bg&#8221; c_id=&#8221;.vc_1462951210483&#8243; icon_css=&#8221;color:#ffffff;background-color:#3892D1;&#8221; title_css=&#8221;font-family:gf-montserrat;font-weight:400;font-size:16px;&#8221; ico=&#8221;check&#8221;]La nostra filosofia \u00e9s oferir una resposta immediata i professional als problemes derivats de la neteja que actualment es generen en les empreses modernes. [\/ivan_icon_box][ivan_icon_box hover_animation_effect=&#8221;disabled&#8221; icon_pos=&#8221;left&#8221; size=&#8221;fa-lg&#8221; title=&#8221;Servei \u00f2ptim i de qualitat&#8221; title_tag=&#8221;h5&#8243; animation_iteration=&#8221;1&#8243; template=&#8221;primary-bg&#8221; c_id=&#8221;.vc_1462951250817&#8243; icon_css=&#8221;color:#ffffff;background-color:#3892D1;&#8221; title_css=&#8221;font-family:gf-montserrat;font-weight:400;font-size:16px;&#8221; ico=&#8221;check&#8221;]Servinet del Vall\u00e8s SL compta amb un gran nivell de mecanitzaci\u00f3, materials homologats, formaci\u00f3 continuada de tot el personal, adequaci\u00f3 dels recursos en funci\u00f3 de les necessitats i un sistema de treball met\u00f2dic i programat que ens permet d\u2019oferir nivells de neteja \u00f2ptims i d\u2019alta qualitat.[\/ivan_icon_box]\n\t\t<\/div> <!-- END .wpb_wrapper -->\n\t<\/div> <!-- END  wpb_column vc_column_container  -->\n\n\t<div class=\"vc_col-sm-3 wpb_column vc_column_container  vc_custom_1510214712479\"  data-wow-delay=\"0ms\" data-wow-iteration=\"1\" >\n\t\t<div class=\"wpb_wrapper\">\n\t\t\t[vc_single_image image=&#8221;400&#8243; img_size=&#8221;full&#8221;]\n\t\t<\/div> <!-- END .wpb_wrapper -->\n\t<\/div> <!-- END  wpb_column vc_column_container  -->\n\n\t<div class=\"vc_col-sm-3 wpb_column vc_column_container \"  data-wow-delay=\"0ms\" data-wow-iteration=\"1\" >\n\t\t<div class=\"wpb_wrapper\">\n\t\t\t[vc_single_image image=&#8221;402&#8243; img_size=&#8221;full&#8221;]\n\t\t<\/div> <!-- END .wpb_wrapper -->\n\t<\/div> <!-- END  wpb_column vc_column_container  -->\n[\/vc_row][vc_row width=&#8221;full&#8221; bg_color_row=&#8221;#3892d1&#8243; p_top=&#8221;80&#8243; p_bottom=&#8221;80&#8243; m_top=&#8221;0&#8243; m_bottom=&#8221;0&#8243;]\n\t<div class=\"vc_col-sm-10 wpb_column vc_column_container \"  data-wow-delay=\"0ms\">\n\t\t<div class=\"wpb_wrapper\">\n\t\t\t[vc_column_text c_id=&#8221;.vc_1462951270484&#8243; h1_css=&#8221;font-weight:300;font-size:34px;&#8221;]<\/p>\n<h2 class=\"light\"><span style=\"color: #ffffff; letter-spacing: -1px;\">Demana pressupost dels nostres serveis de neteja a Barcelona<\/span><\/h2>\n<p>[\/vc_column_text]\n\t\t<\/div> <!-- END .wpb_wrapper -->\n\t<\/div> <!-- END  wpb_column vc_column_container  -->\n\n\t<div class=\"vc_col-sm-2 wpb_column vc_column_container \"  data-wow-delay=\"0ms\">\n\t\t<div class=\"wpb_wrapper\">\n\t\t\t[ivan_button link=&#8221;\/ca\/demani-pressupost\/&#8221; target=&#8221;yes&#8221; size=&#8221;x-large&#8221; border_r=&#8221;square&#8221; style=&#8221;outline&#8221; align=&#8221;to-right&#8221; animation_iteration=&#8221;1&#8243; template=&#8221;light-bg&#8221; c_id=&#8221;.vc_1463073719241&#8243; btn_css=&#8221;font-family:gf-Montserrat;font-size:12px;text-transform:uppercase;border-color:rgba(255,255,255,0.5);border-color-hover:rgba(255,255,255,1.0);&#8221;]Contacte[\/ivan_button]\n\t\t<\/div> <!-- END .wpb_wrapper -->\n\t<\/div> <!-- END  wpb_column vc_column_container  -->\n[\/vc_row]<\/p>\n","protected":false},"excerpt":{"rendered":"<p>[vc_row][\/vc_row][vc_row width=&#8221;full&#8221; p_top=&#8221;20&#8243; m_bottom=&#8221;75&#8243; row_width_style=&#8221;theme_default&#8221; row_parallax_style=&#8221;parallax-none&#8221; row_parallax_ratio=&#8221;0.5&#8243; row_bg_repeat=&#8221;no-repeat&#8221; row_bg_position=&#8221;center center&#8221; row_bg_size=&#8221;cover&#8221; row_bg_att=&#8221;scroll&#8221; row_full_height=&#8221;no&#8221; css=&#8221;.vc_custom_1510214703667{padding-right: 15px !important;padding-left: 15px !important;}&#8221;][\/vc_row][vc_row width=&#8221;full&#8221; bg_color_row=&#8221;#3892d1&#8243; p_top=&#8221;80&#8243; p_bottom=&#8221;80&#8243; m_top=&#8221;0&#8243; m_bottom=&#8221;0&#8243;][\/vc_row]<\/p>\n","protected":false},"author":1,"featured_media":0,"parent":0,"menu_order":0,"comment_status":"open","ping_status":"closed","template":"","meta":[],"_links":{"self":[{"href":"https:\/\/www.servinetdelvalles.es\/ca\/wp-json\/wp\/v2\/pages\/741"}],"collection":[{"href":"https:\/\/www.servinetdelvalles.es\/ca\/wp-json\/wp\/v2\/pages"}],"about":[{"href":"https:\/\/www.servinetdelvalles.es\/ca\/wp-json\/wp\/v2\/types\/page"}],"author":[{"embeddable":true,"href":"https:\/\/www.servinetdelvalles.es\/ca\/wp-json\/wp\/v2\/users\/1"}],"replies":[{"embeddable":true,"href":"https:\/\/www.servinetdelvalles.es\/ca\/wp-json\/wp\/v2\/comments?post=741"}],"version-history":[{"count":0,"href":"https:\/\/www.servinetdelvalles.es\/ca\/wp-json\/wp\/v2\/pages\/741\/revisions"}],"wp:attachment":[{"href":"https:\/\/www.servinetdelvalles.es\/ca\/wp-json\/wp\/v2\/media?parent=741"}],"curies":[{"name":"wp","href":"https:\/\/api.w.org\/{rel}","templated":true}]}}