{"id":736,"date":"2015-12-12T19:11:27","date_gmt":"2015-12-12T18:11:27","guid":{"rendered":"http:\/\/servinetdelvalles.es\/web\/ca\/politica-de-privacidad\/"},"modified":"2016-05-12T12:12:16","modified_gmt":"2016-05-12T11:12:16","slug":"politica-de-privacitat","status":"publish","type":"page","link":"https:\/\/www.servinetdelvalles.es\/ca\/politica-de-privacitat\/","title":{"rendered":"Pol\u00edtica de Privacitat"},"content":{"rendered":"<p>[vc_row]\n\t<div class=\"vc_col-sm-12 wpb_column vc_column_container \"  data-wow-delay=\"0ms\">\n\t\t<div class=\"wpb_wrapper\">\n\t\t\t[vc_column_text c_id=&#8221;.vc_1462803858366&#8243;]La nostra pol\u00edtica de privacitat descriu com recollim, guardem o utilitzem la informaci\u00f3 que recaptem a trav\u00e9s dels diferents serveis o p\u00e0gines disponibles en aquest lloc. \u00c9s important que entengui que informaci\u00f3 recollim i com la utilitzem ja que l&#8217;acc\u00e9s a aquest lloc implica l&#8217;acceptaci\u00f3 la nostra pol\u00edtica de privacitat.<\/p>\n<p><b>Cookies<\/b><br \/>\nL&#8217;acc\u00e9s a aquest lloc pot implicar la utilitzaci\u00f3 de cookies. Les cookies s\u00f3n petites quantitats d&#8217;informaci\u00f3 que s&#8217;emmagatzemen en el navegador utilitzat per cada usuari perqu\u00e8 el servidor recordi certa informaci\u00f3 que posteriorment pugui utilitzar. Aquesta informaci\u00f3 permet identificar a vost\u00e8 com un usuari concret i permet guardar les seves prefer\u00e8ncies personals, aix\u00ed com informaci\u00f3 t\u00e8cnica com ara visites o p\u00e0gines concretes que visiti. Aquells usuaris que no desitgin rebre cookies o vulguin ser informats abans que s&#8217;emmagatzemin al seu ordinador, poden configurar el seu navegador a aquest efecte.<br \/>\nLa major part dels navegadors d&#8217;avui en dia permeten la gesti\u00f3 de les cookies de 3 formes diferents:<br \/>\nLes galetes no s&#8217;accepten mai.<br \/>\nEl navegador pregunta l&#8217;usuari si s&#8217;ha d&#8217;acceptar cada cookie.<br \/>\nLes cookies s&#8217;accepten sempre.<br \/>\nEl navegador tamb\u00e9 pot incloure la possibilitat d&#8217;especificar millor qu\u00e8 cookies han de ser acceptades i quines no. En concret, l&#8217;usuari pot normalment acceptar alguna de les seg\u00fcents opcions: rebutjar les cookies de determinats dominis, rebutjar les cookies de tercers; acceptar cookies com no persistents (s&#8217;eliminen quan el navegador es tanca); permetre al servidor crear cookies per un domini diferent. A m\u00e9s, els navegadors poden tamb\u00e9 permetre als usuaris veure i esborrar cookies individualment. Podeu trobar m\u00e9s informaci\u00f3 sobre les cookies a: http:\/\/es.wikipedia.org\/wiki\/Cookie<\/p>\n<p><b> Web Beacons <\/b><br \/>\nAquest lloc pot albergar tamb\u00e9 web Beacons (tamb\u00e9 coneguts per web bugs). Els web beacons solen ser petites imatges d&#8217;un p\u00edxel per un p\u00edxel, visibles o invisibles col \u00b7 locats dins del codi font de les p\u00e0gines web d&#8217;un lloc. Els Web Beacons serveixen i s&#8217;utilitzen d&#8217;una forma similar a les galetes. A m\u00e9s, els web Beacons solen utilitzar-se per mesurar el tr\u00e0nsit d&#8217;usuaris que visiten una p\u00e0gina web i poder treure un patr\u00f3 dels usuaris d&#8217;un lloc. Podeu trobar m\u00e9s informaci\u00f3 sobre els web Beacons a: http:\/\/es.wikipedia.org\/wiki\/Web_bug<\/p>\n<p><b> Tercers <\/b><br \/>\nEn alguns casos, compartim informaci\u00f3 sobre els visitants d&#8217;aquest lloc de forma an\u00f2nima o agregada amb tercers com ara anunciants, patrocinadors o auditors amb l&#8217;\u00fanica finalitat de millorar els nostres serveis. Totes aquestes tasques de processament seran regulades segons les normes legals i es respectaran tots els seus drets en mat\u00e8ria de protecci\u00f3 de dades conforme a la regulaci\u00f3 vigent.<br \/>\nAquest lloc mesura el tr\u00e0nsit amb diferents solucions que poden utilitzar cookies o web Beacons per analitzar el que succeeix a les nostres p\u00e0gines. Actualment utilitzem les seg\u00fcents solucions per al mesurament del tr\u00e0fic d&#8217;aquest lloc. Trobareu m\u00e9s informaci\u00f3 sobre la pol\u00edtica de privacitat de cadascuna de les solucions utilitzades per a tal efecte:<br \/>\nNielsen \/ \/ NetRatings: http:\/\/www.netratings.com\/corp.jsp?section=leg_scs_es<br \/>\nGoogle (Analytics): http:\/\/www.google.com\/intl\/es_ALL\/privacypolicy.html<br \/>\nAddFreeStats: http:\/\/www.addfreestats.com\/privacy.html<br \/>\nAquest lloc pot albergar publicitat pr\u00f2pia, d&#8217;afiliats, o de xarxes publicit\u00e0ries. Aquesta publicitat es mostra mitjan\u00e7ant servidors publicitaris que tamb\u00e9 utilitzen cookies per mostrar continguts publicitaris afins als usuaris. Cadascun d&#8217;aquests servidors publicitaris disposa de la seva pr\u00f2pia pol\u00edtica de privacitat, que pot ser consultada en les seves pr\u00f2pies p\u00e0gines web.[\/vc_column_text]\n\t\t<\/div> <!-- END .wpb_wrapper -->\n\t<\/div> <!-- END  wpb_column vc_column_container  -->\n[\/vc_row]<\/p>\n","protected":false},"excerpt":{"rendered":"<p>[vc_row][\/vc_row]<\/p>\n","protected":false},"author":1,"featured_media":0,"parent":0,"menu_order":0,"comment_status":"closed","ping_status":"closed","template":"","meta":[],"_links":{"self":[{"href":"https:\/\/www.servinetdelvalles.es\/ca\/wp-json\/wp\/v2\/pages\/736"}],"collection":[{"href":"https:\/\/www.servinetdelvalles.es\/ca\/wp-json\/wp\/v2\/pages"}],"about":[{"href":"https:\/\/www.servinetdelvalles.es\/ca\/wp-json\/wp\/v2\/types\/page"}],"author":[{"embeddable":true,"href":"https:\/\/www.servinetdelvalles.es\/ca\/wp-json\/wp\/v2\/users\/1"}],"replies":[{"embeddable":true,"href":"https:\/\/www.servinetdelvalles.es\/ca\/wp-json\/wp\/v2\/comments?post=736"}],"version-history":[{"count":0,"href":"https:\/\/www.servinetdelvalles.es\/ca\/wp-json\/wp\/v2\/pages\/736\/revisions"}],"wp:attachment":[{"href":"https:\/\/www.servinetdelvalles.es\/ca\/wp-json\/wp\/v2\/media?parent=736"}],"curies":[{"name":"wp","href":"https:\/\/api.w.org\/{rel}","templated":true}]}}