{"id":732,"date":"2016-04-04T14:38:22","date_gmt":"2016-04-04T13:38:22","guid":{"rendered":"http:\/\/servinetdelvalles.es\/web\/ca\/aviso-legal\/"},"modified":"2016-05-12T12:03:34","modified_gmt":"2016-05-12T11:03:34","slug":"avis-legal","status":"publish","type":"page","link":"https:\/\/www.servinetdelvalles.es\/ca\/avis-legal\/","title":{"rendered":"Av\u00eds Legal"},"content":{"rendered":"<p>[vc_row]\n\t<div class=\"vc_col-sm-12 wpb_column vc_column_container \"  data-wow-delay=\"0ms\">\n\t\t<div class=\"wpb_wrapper\">\n\t\t\t[vc_column_text c_id=&#8221;.vc_1462803933732&#8243;]En virtut de la Llei 15\/1999 del 13 de desembre sobre la Protecci\u00f3 de Dades de car\u00e0cter personal, l\u00b4 informem que les seves dades reflectides a aquesta comunicaci\u00f3, estan incorporades dins d\u00b4 un fitxer automatitzat responsabilitat de la empresa mercantil SERVINET DEL VALL\u00c8S, S.L., CIF: B-61234530, inscrita en el Registre Mercantil de Barcelona, Tom 29420, Foli 0022, Fulla N\u00ba 150.188, Inscripci\u00f3 1\u00aa. La finalitat d\u00b4 aquest fitxer \u00e9s gestionar el servei sol\u00b7licitat.<br \/>\nL\u00b4 usuari garanteix l\u00b4 autenticitat de totes aquelles dades que comuniqui a trav\u00e9s de www.servinetdelvalles.es i mantindr\u00e0 actualitzada la informaci\u00f3 que faciliti a SERVINET DEL VALL\u00c8S, S.L., de forma que respongui en tot moment a la seva situaci\u00f3 real, essent l\u00b4 \u00fanic responsable de les manifestacions falses o inexactes que realitzi, aix\u00ed com dels perjudicis que causi per aquesta ra\u00f3 a SERVINET DEL VALL\u00c8S, S.L. o a tercers.<br \/>\nSERVINET DEL VALL\u00c8S, S.L. no pot assumir cap responsabilitat derivada de l\u00b4 \u00fas incorrecte, inapropiat o il\u00b7l\u00edcit de la informaci\u00f3 apareguda en les p\u00e0gines d\u00b4 Internet de SERVINET DEL VALL\u00c8S, S.L.<br \/>\nAmb els l\u00edmits establerts a la llei, SERVINET DEL VALL\u00c8S, S.L. no assumeix cap responsabilitat derivada de la falta de veracitat, integritat, actualitzaci\u00f3 i precisi\u00f3 de les dades o informacions que contenen les seves p\u00e0gines d\u00b4 Internet. Els continguts e informaci\u00f3 de les p\u00e0gines d\u00b4 Internet de SERVINET DEL VALL\u00c8S, S.L. estan elaborades per professionals degudament qualificats per a l\u00b4 exercici de la seva professi\u00f3. No obstant, els continguts i la informaci\u00f3 no la vinculen, ni constitueixen opinions, consells o assessorament legal de qualsevol tipus, doncs nom\u00e9s es tracta d\u00b4 un servei ofert amb car\u00e0cter informatiu i divulgatiu.<br \/>\nLes p\u00e0gines d\u00b4 Internet de SERVINET DEL VALL\u00c8S, S.L. poden contenir enlla\u00e7os (links) a altres p\u00e0gines de tercers. Per aix\u00f2, aquesta no podr\u00e0 assumir responsabilitats pel contingut que pugui apar\u00e8ixer en p\u00e0gines de tercers. Els textos, imatges, sons, animacions, software i la resta de continguts inclosos en aquest website s\u00f3n propietat exclusiva de SERVINET DEL VALL\u00c8S, S.L. o els seus llicenciadors. Qualsevol acte de transmissi\u00f3, distribuci\u00f3, cessi\u00f3, reproducci\u00f3, emmagatzamatge o comunicaci\u00f3 p\u00fablica total o parcial, ha de comptar amb el consentiment expr\u00e9s de SERVINET DEL VALL\u00c8S, S.L.<br \/>\nAix\u00ed mateix, per accedir als serveis que SERVINET DEL VALL\u00c8S, S.L. ofereix a trav\u00e9s de la website, haur\u00e0 de proporcionar algunes dades de car\u00e0cter personal. En compliment d\u00b4 all\u00f2 establert en la LOPD 15\/1999, del 13 de desembre, l\u00b4 informem que les seves dades personals quedaran incorporades i seran tractades als fitxers de SERVINET DEL VALL\u00c8S, S.L., amb la finalitat de prestar-li i oferir-li els nostres serveis. Aix\u00ed mateix, l\u00b4 informem de la possibilitat d\u00b4 exercir els drets d\u00b4 acc\u00e9s, rectificaci\u00f3, cancel\u00b7laci\u00f3 i oposici\u00f3 de les seves dades de car\u00e0cter personal, en C\/ SANT ISIDRE, 12 &#8211; 08130 SANTA PERP\u00c8TUA DE LA MOGODA (BARCELONA) o be, enviar un correu electr\u00f2nic a lopd@servinetdelvalles.e.telefonica.net<br \/>\nTanmateix, la seva acceptaci\u00f3 al present Av\u00eds Legal suposa la prestaci\u00f3 del seu consentiment expr\u00e9s per a que SERVINET DEL VALL\u00c8S, S.L. pugui remetre-li comunicacions publicit\u00e0ries o promocionals per correu electr\u00f2nic o un altre mitj\u00e0 de comunicaci\u00f3 equivalent, en els termes establerts per la Llei 34\/2002, de Serveis de la Societat de l\u2019 Informaci\u00f3 i del Comer\u00e7 Electr\u00f2nic. En el cas de no estar interessat en rebre aquest tipus de comunicacions pot dirigir-se a SERVINET DEL VALL\u00c8S, S.L., a l\u2019adre\u00e7a esmentada anteriorment o al correu electr\u00f2nic lopd@servinetdelvalles.e.telefonica.net, manifestant la seva voluntat.<br \/>\nMitjan\u00e7ant l\u2019emplenament i enviament dels corresponents formularis d\u2019aquesta p\u00e0gina web, l\u2019 Usuari accepta i autoritza que les seves dades personals siguin objecte de tractament automatitzat per part de SERVINET DEL VALL\u00c8S, S.L.. En el cas que vost\u00e8 inclogui en els formularis d\u2019aquesta p\u00e0gina web, dades de car\u00e0cter personal titularitat de tercers haur\u00e0 de, amb car\u00e0cter previ a la seva inclusi\u00f3, obtenir el seu consentiment i informar-li de tots els continguts esmentats en els par\u00e0grafs anteriors.<br \/>\nPROPIETAT INTEL\u00b7LECTUAL<br \/>\nEls continguts proporcionats per SERVINET DEL VALL\u00c8S, S.L. estan subjectes als drets de propietat intel\u00b7lectual i industrial i s\u00f3n titularitat exclusiva de SERVINET DEL VALL\u00c8S, S.L. o de les persones f\u00edsiques o jur\u00eddiques que s\u00b4 informi mitjan\u00e7ant l\u00b4 adquisici\u00f3 d\u00b4 un producte o servei. SERVINET DEL VALL\u00c8S, S.L. no confereix a l\u00b4 adquirent cap dret d\u00b4 alteraci\u00f3, explotaci\u00f3, reproducci\u00f3, distribuci\u00f3 o comunicaci\u00f3 p\u00fablica sobre el mateix, reservant-se el SERVINET DEL VALL\u00c8S, S.L. tots aquests drets. La cessi\u00f3 d\u00b4 aquests drets precisar\u00e0 el consentiment previ per escrit del titular dels mateixos, de manera que el client no podr\u00e0 posar a disposici\u00f3 de terceres persones aquests continguts.<br \/>\nLa propietat intel\u00b7lectual s\u00b4 est\u00e9n, a m\u00e9s a m\u00e9s del contingut incl\u00f2s a SERVINET DEL VALL\u00c8S, S.L., als seus gr\u00e0fics, logotips, dissenys, imatges i codis font utilitzats per a la seva programaci\u00f3. SERVINET DEL VALL\u00c8S, S.L. ha obtingut la Informaci\u00f3 i els materials inclosos a la web de fonts considerades com fiables i, si b\u00e9 s\u00b4 han pres mesures raonables per assegurar-se que la informaci\u00f3 continguda sigui la correcte, SERVINET DEL VALL\u00c8S, S.L. no pot garantir que en tot moment i circumst\u00e0ncia aquesta informaci\u00f3 sigui exacta, completa, actualitzada i,en conseq\u00fc\u00e8ncia , no s\u00b4 ha de confiar en ella como si ho fos. SERVINET DEL VALL\u00c8S, S.L. declina expressament qualsevol responsabilitat per error o omissi\u00f3 en la Informaci\u00f3 continguda a les p\u00e0gines d\u00b4 aquesta web.<br \/>\nSERVINET DEL VALL\u00c8S, S.L. es reserva la facultat de modificar, suspendre, cancel\u00b7lar o restringir el contingut de la web, els vincles o la informaci\u00f3 obtinguda a trav\u00e9s d\u00b4 ella, sense necessitat d\u00b4 av\u00eds previ. Aquesta, en cap cas, assumeix cap responsabilitat com a conseq\u00fc\u00e8ncia de la utilitzaci\u00f3 incorrecte de la web que pugui fer l\u00b4 usuari, tant de la informaci\u00f3 com dels serveis inclosos.<br \/>\nEn cap cas SERVINET DEL VALL\u00c8S, S.L., les seves sucursals i\/o centres de treball, els seus directors i\/o apoderats, treballadors i, en general, el personal autoritzat ser\u00e0 responsable de qualsevol tipus de perjudici, p\u00e8rdua, reclamaci\u00f3 o despesa, tant si procedeix directa o indirectament, de l\u00b4 \u00fas i\/o difusi\u00f3 de la web o de la Informaci\u00f3 adquirida o accedida per o a trav\u00e9s d\u00b4 aquesta o dels seus virus inform\u00e0tics, d\u00b4 errades operatives o d\u00b4 interrupcions en el serveis o transmissi\u00f3 o d\u00b4 errades en la l\u00ednea en l\u00b4 \u00fas de la web, tant per connexi\u00f3 directa com per vincle o altre medi , constituint a tots els efectes legals un av\u00eds a qualsevol usuari de que aquestes possibilitats i actes puguin succeir.<br \/>\nSERVINET DEL VALL\u00c8S, S.L. no es fa responsable de les webs no pr\u00f2pies a les que es pugui accedir mitjan\u00e7ant vincles o enlla\u00e7os (&#8220;links&#8221;) o de qualsevol contingut posat a disposici\u00f3 de tercers. Qualsevol \u00fas d\u00b4 un vincle o acc\u00e9s a una web no pr\u00f2pia ser\u00e0 realitzat per voluntat i al risc totalment exclusiu de l\u00b4 usuari. SERVINET DEL VALL\u00c8S, S.L. no recomana ni garanteix cap de la\/es Informaci\u00f3\/ons obtinguda\/es per o a trav\u00e9s d\u00b4 un vincle, ni es responsabilitza de cap p\u00e8rdua, reclamaci\u00f3 o perjudici derivat de l\u00b4 \u00fas o mal \u00fas d\u00b4 un vincle, o de la Informaci\u00f3 obtinguda a trav\u00e9s d\u00b4 ell, inclosos altres vincles o webs, de la interrupci\u00f3 en el servei o en l\u00b4 acc\u00e9s, o de l\u00b4 intent d\u00b4 utilitzar o d\u00b4 utilitzar malament un vincle, tan al connectar a la web de SERVINET DEL VALL\u00c8S, S.L. com a l\u00b4 accedir a la informaci\u00f3 d\u00b4 altres webs des de la mateixa.<br \/>\nPROPIETAT INDUSTRIAL I INTEL\u00b7LECTUAL<br \/>\nAquesta web \u00e9s propietat de SERVINET DEL VALL\u00c8S, S.L. Els drets de Propietat Intel\u00b7lectual i d\u00b4 explotaci\u00f3 i reproducci\u00f3 d\u00b4 aquesta web, de les seves p\u00e0gines, pantalles, la Informaci\u00f3 que contenen, la seva aparen\u00e7a i disseny, aix\u00ed com els vincles (&#8220;hiperlinks&#8221;) que s\u00b4 estableixin des d\u00b4 ella a altres p\u00e0gines web de qualsevol societat filial i\/o dominada de SERVINET DEL VALL\u00c8S, S.L., s\u00f3n propietat exclusiva d\u00b4 aquesta, tret que s\u00b4 especifiqui expressament una altra cosa. Qualsevol denominaci\u00f3, disseny i\/o logotip, aix\u00ed com qualsevol producte o servei oferts i apareguts en aquesta p\u00e0gina web, s\u00f3n marques degudament enregistrades per SERVINET DEL VALL\u00c8S, S.L., per les seves societats filials i\/o dominades per tercers. Qualsevol \u00fas indegut de les mateixes per persones diferents del seu leg\u00edtim titular i sense el consentiment expr\u00e9s e inequ\u00edvoc per part d\u00b4 aquest, podr\u00e0 ser denunciat i perseguit a trav\u00e9s de tots els mitjans legals existents en l\u00b4 Ordenament Jur\u00eddic espanyol i\/o comunitari.<br \/>\nEls drets de propietat intel\u00b7lectual i marques de tercers estan destacats convenientment i deuen ser respectats per tot aquell que accedeixi a aquesta p\u00e0gina, no essent responsabilitat de SERVINET DEL VALL\u00c8S, S.L. l\u00b4 \u00fas que l\u00b4 usuari pugui portar a terme al respecte, recaient la responsabilitat exclusiva en la seva persona.<br \/>\nNom\u00e9s es permet descarregar per a \u00fas personal i privat els continguts, copiar o imprimir qualsevol p\u00e0gina d\u00b4 aquesta web. Queda prohibit reproduir, transmetre, modificar o suprimir la informaci\u00f3, contingut o advert\u00e8ncies d\u00b4 aquesta web sense la pr\u00e8via autoritzaci\u00f3 per escrit de SERVINET DEL VALL\u00c8S, S.L.<br \/>\nLLEI APLICABLE I JURISDICCI\u00d3<br \/>\nLes presents condicions generals es regeixen per la Legislaci\u00f3 espanyola, essent competents els Jutjats i Tribunals espanyols per a con\u00e8ixer qualsevol q\u00fcesti\u00f3 que es susciti sobre la interpretaci\u00f3, aplicaci\u00f3 i acompliment de les mateixes. L\u00b4 usuari, per virtut de la seva acceptaci\u00f3 a las condicions generals recollides en aquest av\u00eds legal, renuncia expressament a qualsevol fur que, per aplicaci\u00f3 de la Llei de Enjudiciament Civil vigent pogu\u00e9s correspondre-li.[\/vc_column_text]\n\t\t<\/div> <!-- END .wpb_wrapper -->\n\t<\/div> <!-- END  wpb_column vc_column_container  -->\n[\/vc_row]<\/p>\n","protected":false},"excerpt":{"rendered":"<p>[vc_row][\/vc_row]<\/p>\n","protected":false},"author":1,"featured_media":0,"parent":0,"menu_order":0,"comment_status":"closed","ping_status":"closed","template":"","meta":[],"_links":{"self":[{"href":"https:\/\/www.servinetdelvalles.es\/ca\/wp-json\/wp\/v2\/pages\/732"}],"collection":[{"href":"https:\/\/www.servinetdelvalles.es\/ca\/wp-json\/wp\/v2\/pages"}],"about":[{"href":"https:\/\/www.servinetdelvalles.es\/ca\/wp-json\/wp\/v2\/types\/page"}],"author":[{"embeddable":true,"href":"https:\/\/www.servinetdelvalles.es\/ca\/wp-json\/wp\/v2\/users\/1"}],"replies":[{"embeddable":true,"href":"https:\/\/www.servinetdelvalles.es\/ca\/wp-json\/wp\/v2\/comments?post=732"}],"version-history":[{"count":0,"href":"https:\/\/www.servinetdelvalles.es\/ca\/wp-json\/wp\/v2\/pages\/732\/revisions"}],"wp:attachment":[{"href":"https:\/\/www.servinetdelvalles.es\/ca\/wp-json\/wp\/v2\/media?parent=732"}],"curies":[{"name":"wp","href":"https:\/\/api.w.org\/{rel}","templated":true}]}}