{"id":730,"date":"2015-12-15T17:18:06","date_gmt":"2015-12-15T16:18:06","guid":{"rendered":"http:\/\/servinetdelvalles.es\/web\/ca\/nuestros-metodos\/"},"modified":"2017-11-09T09:07:26","modified_gmt":"2017-11-09T08:07:26","slug":"els-nostres-metodes","status":"publish","type":"page","link":"https:\/\/www.servinetdelvalles.es\/ca\/els-nostres-metodes\/","title":{"rendered":"Els nostres metodes"},"content":{"rendered":"<p>[vc_row]\n\t<div class=\"vc_col-sm-12 wpb_column vc_column_container \"  data-wow-delay=\"0ms\">\n\t\t<div class=\"wpb_wrapper\">\n\t\t\t[vc_custom_heading text=&#8221;METODOLOGIA DEL NOSTRE SERVEI DE NETEJA A BARCELONA (a tot Catalunya)&#8221; font_container=&#8221;tag:h1|font_size:25|text_align:left&#8221; google_fonts=&#8221;font_family:Raleway%3A100%2C200%2C300%2Cregular%2C500%2C600%2C700%2C800%2C900|font_style:700%20bold%20regular%3A700%3Anormal&#8221;][vc_separator color=&#8221;#bcbcbc&#8221; border_width=&#8221;3&#8243;]\n\t\t<\/div> <!-- END .wpb_wrapper -->\n\t<\/div> <!-- END  wpb_column vc_column_container  -->\n[\/vc_row][vc_row width=&#8221;full&#8221; p_top=&#8221;20&#8243; m_bottom=&#8221;75&#8243; row_width_style=&#8221;theme_default&#8221; row_parallax_style=&#8221;parallax-none&#8221; row_parallax_ratio=&#8221;0.5&#8243; row_bg_repeat=&#8221;no-repeat&#8221; row_bg_position=&#8221;center center&#8221; row_bg_size=&#8221;cover&#8221; row_bg_att=&#8221;scroll&#8221; row_full_height=&#8221;no&#8221;]\n\t<div class=\"vc_col-sm-4 wpb_column vc_column_container  vc_custom_1510214757526\"  data-wow-delay=\"0ms\" data-wow-iteration=\"1\" >\n\t\t<div class=\"wpb_wrapper\">\n\t\t\t[vc_row_inner]\n\t<div class=\"vc_col-sm-2 wpb_column vc_column_container \"  data-wow-delay=\"0ms\">\n\t\t<div class=\"wpb_wrapper\">\n\t\t\t[vc_single_image image=&#8221;589&#8243;]\n\t\t<\/div> <!-- END .wpb_wrapper -->\n\t<\/div> <!-- END  wpb_column vc_column_container  -->\n\n\t<div class=\"vc_col-sm-9 wpb_column vc_column_container \"  data-wow-delay=\"0ms\">\n\t\t<div class=\"wpb_wrapper\">\n\t\t\t[vc_column_text c_id=&#8221;.vc_1462951498827&#8243;]Visita pr\u00e8via a les instal\u00b7lacions en qu\u00e8 el departament comercial realitza una valoraci\u00f3 amb la finalitat de determinar les necessitats de neteja i manteniment.o.[\/vc_column_text]\n\t\t<\/div> <!-- END .wpb_wrapper -->\n\t<\/div> <!-- END  wpb_column vc_column_container  -->\n[\/vc_row_inner][vc_row_inner]\n\t<div class=\"vc_col-sm-2 wpb_column vc_column_container \"  data-wow-delay=\"0ms\">\n\t\t<div class=\"wpb_wrapper\">\n\t\t\t[vc_single_image image=&#8221;601&#8243;]\n\t\t<\/div> <!-- END .wpb_wrapper -->\n\t<\/div> <!-- END  wpb_column vc_column_container  -->\n\n\t<div class=\"vc_col-sm-9 wpb_column vc_column_container \"  data-wow-delay=\"0ms\">\n\t\t<div class=\"wpb_wrapper\">\n\t\t\t[vc_column_text c_id=&#8221;.vc_1462951513944&#8243;]Valoraci\u00f3 de la c\u00e0rrega hor\u00e0ria imprescindible per al manteniment de les instal\u00b7lacions.[\/vc_column_text]\n\t\t<\/div> <!-- END .wpb_wrapper -->\n\t<\/div> <!-- END  wpb_column vc_column_container  -->\n[\/vc_row_inner][vc_row_inner]\n\t<div class=\"vc_col-sm-2 wpb_column vc_column_container \"  data-wow-delay=\"0ms\">\n\t\t<div class=\"wpb_wrapper\">\n\t\t\t[vc_single_image image=&#8221;605&#8243;]\n\t\t<\/div> <!-- END .wpb_wrapper -->\n\t<\/div> <!-- END  wpb_column vc_column_container  -->\n\n\t<div class=\"vc_col-sm-9 wpb_column vc_column_container \"  data-wow-delay=\"0ms\">\n\t\t<div class=\"wpb_wrapper\">\n\t\t\t[vc_column_text c_id=&#8221;.vc_1462951526492&#8243;]C\u00e0lcul del pressupost, tenint en compte la informaci\u00f3 obtinguda a trav\u00e9s de la visita i en funci\u00f3 dels criteris del client.[\/vc_column_text]\n\t\t<\/div> <!-- END .wpb_wrapper -->\n\t<\/div> <!-- END  wpb_column vc_column_container  -->\n[\/vc_row_inner][vc_row_inner]\n\t<div class=\"vc_col-sm-2 wpb_column vc_column_container \"  data-wow-delay=\"0ms\">\n\t\t<div class=\"wpb_wrapper\">\n\t\t\t[vc_single_image image=&#8221;600&#8243;]\n\t\t<\/div> <!-- END .wpb_wrapper -->\n\t<\/div> <!-- END  wpb_column vc_column_container  -->\n\n\t<div class=\"vc_col-sm-9 wpb_column vc_column_container \"  data-wow-delay=\"0ms\">\n\t\t<div class=\"wpb_wrapper\">\n\t\t\t[vc_column_text c_id=&#8221;.vc_1462951546927&#8243;]Lliurament del pressupost en qu\u00e8 queda reflectit el nombre de netejadors, c\u00e0rrega hor\u00e0ria, maquin\u00e0ria i productes que caldr\u00e0 utilitzar, la periodicitat, etc.[\/vc_column_text]\n\t\t<\/div> <!-- END .wpb_wrapper -->\n\t<\/div> <!-- END  wpb_column vc_column_container  -->\n[\/vc_row_inner]\n\t\t<\/div> <!-- END .wpb_wrapper -->\n\t<\/div> <!-- END  wpb_column vc_column_container  -->\n\n\t<div class=\"vc_col-sm-4 wpb_column vc_column_container  vc_custom_1510214767598\"  data-wow-delay=\"0ms\" data-wow-iteration=\"1\" >\n\t\t<div class=\"wpb_wrapper\">\n\t\t\t[vc_row_inner]\n\t<div class=\"vc_col-sm-2 wpb_column vc_column_container \"  data-wow-delay=\"0ms\">\n\t\t<div class=\"wpb_wrapper\">\n\t\t\t[vc_single_image image=&#8221;599&#8243;]\n\t\t<\/div> <!-- END .wpb_wrapper -->\n\t<\/div> <!-- END  wpb_column vc_column_container  -->\n\n\t<div class=\"vc_col-sm-9 wpb_column vc_column_container \"  data-wow-delay=\"0ms\">\n\t\t<div class=\"wpb_wrapper\">\n\t\t\t[vc_column_text c_id=&#8221;.vc_1462951559793&#8243;]Confecci\u00f3 del pla de treball: una vegada acceptat el pressupost, s\u2019estableix una planificaci\u00f3 i es porta a terme una selecci\u00f3 del personal m\u00e9s apropiat per a les vostres instal\u00b7lacions.[\/vc_column_text]\n\t\t<\/div> <!-- END .wpb_wrapper -->\n\t<\/div> <!-- END  wpb_column vc_column_container  -->\n[\/vc_row_inner][vc_row_inner]\n\t<div class=\"vc_col-sm-2 wpb_column vc_column_container \"  data-wow-delay=\"0ms\">\n\t\t<div class=\"wpb_wrapper\">\n\t\t\t[vc_single_image image=&#8221;603&#8243;]\n\t\t<\/div> <!-- END .wpb_wrapper -->\n\t<\/div> <!-- END  wpb_column vc_column_container  -->\n\n\t<div class=\"vc_col-sm-9 wpb_column vc_column_container \"  data-wow-delay=\"0ms\">\n\t\t<div class=\"wpb_wrapper\">\n\t\t\t[vc_column_text c_id=&#8221;.vc_1462951572116&#8243;]Aprovisionament log\u00edstic que es realitza abans que comenci el servei traslladant a les vostres instal\u00b7lacions tot el material necessari perqu\u00e8 la feina es dugui a terme amb regularitat.[\/vc_column_text]\n\t\t<\/div> <!-- END .wpb_wrapper -->\n\t<\/div> <!-- END  wpb_column vc_column_container  -->\n[\/vc_row_inner][vc_row_inner]\n\t<div class=\"vc_col-sm-2 wpb_column vc_column_container \"  data-wow-delay=\"0ms\">\n\t\t<div class=\"wpb_wrapper\">\n\t\t\t[vc_single_image image=&#8221;604&#8243;]\n\t\t<\/div> <!-- END .wpb_wrapper -->\n\t<\/div> <!-- END  wpb_column vc_column_container  -->\n\n\t<div class=\"vc_col-sm-9 wpb_column vc_column_container \"  data-wow-delay=\"0ms\">\n\t\t<div class=\"wpb_wrapper\">\n\t\t\t[vc_column_text c_id=&#8221;.vc_1462951583035&#8243;]S\u2019inicia el servei sempre d\u2019acord amb el pressupost acceptat.[\/vc_column_text]\n\t\t<\/div> <!-- END .wpb_wrapper -->\n\t<\/div> <!-- END  wpb_column vc_column_container  -->\n[\/vc_row_inner][vc_row_inner]\n\t<div class=\"vc_col-sm-2 wpb_column vc_column_container \"  data-wow-delay=\"0ms\">\n\t\t<div class=\"wpb_wrapper\">\n\t\t\t[vc_single_image image=&#8221;602&#8243;]\n\t\t<\/div> <!-- END .wpb_wrapper -->\n\t<\/div> <!-- END  wpb_column vc_column_container  -->\n\n\t<div class=\"vc_col-sm-9 wpb_column vc_column_container \"  data-wow-delay=\"0ms\">\n\t\t<div class=\"wpb_wrapper\">\n\t\t\t[vc_column_text c_id=&#8221;.vc_1462951597680&#8243;]Supervisi\u00f3 permanent del centre mitjan\u00e7ant visites dels nostres supervisors de zona i converses flu\u00efdes amb el client per tal de garantir un bon servei.[\/vc_column_text]\n\t\t<\/div> <!-- END .wpb_wrapper -->\n\t<\/div> <!-- END  wpb_column vc_column_container  -->\n[\/vc_row_inner]\n\t\t<\/div> <!-- END .wpb_wrapper -->\n\t<\/div> <!-- END  wpb_column vc_column_container  -->\n\n\t<div class=\"vc_col-sm-4 wpb_column vc_column_container  vc_custom_1510214775693\"  data-wow-delay=\"0ms\" data-wow-iteration=\"1\" >\n\t\t<div class=\"wpb_wrapper\">\n\t\t\t[vc_single_image image=&#8221;432&#8243; img_size=&#8221;full&#8221;][vc_single_image image=&#8221;435&#8243; img_size=&#8221;full&#8221;]\n\t\t<\/div> <!-- END .wpb_wrapper -->\n\t<\/div> <!-- END  wpb_column vc_column_container  -->\n[\/vc_row][vc_row width=&#8221;full&#8221; bg_color_row=&#8221;#3892d1&#8243; p_top=&#8221;80&#8243; p_bottom=&#8221;80&#8243; m_top=&#8221;0&#8243; m_bottom=&#8221;0&#8243;]\n\t<div class=\"vc_col-sm-10 wpb_column vc_column_container \"  data-wow-delay=\"0ms\">\n\t\t<div class=\"wpb_wrapper\">\n\t\t\t[vc_column_text c_id=&#8221;.vc_1462951418693&#8243; h1_css=&#8221;font-weight:300;font-size:34px;&#8221;]<\/p>\n<h2 class=\"light\"><span style=\"color: #ffffff; letter-spacing: -1px;\">Demana pressupost dels nostres serveis de neteja a Barcelona<\/span><\/h2>\n<p>[\/vc_column_text]\n\t\t<\/div> <!-- END .wpb_wrapper -->\n\t<\/div> <!-- END  wpb_column vc_column_container  -->\n\n\t<div class=\"vc_col-sm-2 wpb_column vc_column_container \"  data-wow-delay=\"0ms\">\n\t\t<div class=\"wpb_wrapper\">\n\t\t\t[ivan_button link=&#8221;\/ca\/demani-pressupost\/&#8221; target=&#8221;yes&#8221; size=&#8221;x-large&#8221; border_r=&#8221;square&#8221; style=&#8221;outline&#8221; align=&#8221;to-right&#8221; animation_iteration=&#8221;1&#8243; template=&#8221;light-bg&#8221; c_id=&#8221;.vc_1463073752684&#8243; btn_css=&#8221;font-family:gf-Montserrat;font-size:12px;text-transform:uppercase;border-color:rgba(255,255,255,0.5);border-color-hover:rgba(255,255,255,1.0);&#8221;]Contacte[\/ivan_button]\n\t\t<\/div> <!-- END .wpb_wrapper -->\n\t<\/div> <!-- END  wpb_column vc_column_container  -->\n[\/vc_row]<\/p>\n","protected":false},"excerpt":{"rendered":"<p>[vc_row][\/vc_row][vc_row width=&#8221;full&#8221; p_top=&#8221;20&#8243; m_bottom=&#8221;75&#8243; row_width_style=&#8221;theme_default&#8221; row_parallax_style=&#8221;parallax-none&#8221; row_parallax_ratio=&#8221;0.5&#8243; row_bg_repeat=&#8221;no-repeat&#8221; row_bg_position=&#8221;center center&#8221; row_bg_size=&#8221;cover&#8221; row_bg_att=&#8221;scroll&#8221; row_full_height=&#8221;no&#8221;][\/vc_row][vc_row width=&#8221;full&#8221; bg_color_row=&#8221;#3892d1&#8243; p_top=&#8221;80&#8243; p_bottom=&#8221;80&#8243; m_top=&#8221;0&#8243; m_bottom=&#8221;0&#8243;][\/vc_row]<\/p>\n","protected":false},"author":1,"featured_media":0,"parent":0,"menu_order":0,"comment_status":"closed","ping_status":"closed","template":"","meta":[],"_links":{"self":[{"href":"https:\/\/www.servinetdelvalles.es\/ca\/wp-json\/wp\/v2\/pages\/730"}],"collection":[{"href":"https:\/\/www.servinetdelvalles.es\/ca\/wp-json\/wp\/v2\/pages"}],"about":[{"href":"https:\/\/www.servinetdelvalles.es\/ca\/wp-json\/wp\/v2\/types\/page"}],"author":[{"embeddable":true,"href":"https:\/\/www.servinetdelvalles.es\/ca\/wp-json\/wp\/v2\/users\/1"}],"replies":[{"embeddable":true,"href":"https:\/\/www.servinetdelvalles.es\/ca\/wp-json\/wp\/v2\/comments?post=730"}],"version-history":[{"count":0,"href":"https:\/\/www.servinetdelvalles.es\/ca\/wp-json\/wp\/v2\/pages\/730\/revisions"}],"wp:attachment":[{"href":"https:\/\/www.servinetdelvalles.es\/ca\/wp-json\/wp\/v2\/media?parent=730"}],"curies":[{"name":"wp","href":"https:\/\/api.w.org\/{rel}","templated":true}]}}